{"id":79,"date":"2021-01-08T14:48:50","date_gmt":"2021-01-08T11:48:50","guid":{"rendered":"http:\/\/www.gokhanmermi.com\/home\/?page_id=79"},"modified":"2023-11-05T21:10:50","modified_gmt":"2023-11-05T18:10:50","slug":"hakkimda","status":"publish","type":"page","link":"https:\/\/www.gokhanmermi.com\/index.php\/hakkimda\/","title":{"rendered":"Hakk\u0131mda"},"content":{"rendered":"<p><strong>Y\u00fcksek \u0130\u00e7 Mimar G\u00f6khan Mermi<\/strong><\/p>\n<p><img loading=\"lazy\" decoding=\"async\" class=\"wp-image-229 alignleft\" src=\"https:\/\/www.gokhanmermi.com\/wp-content\/uploads\/2023\/11\/IMG_2365_R2-e1699207760223-300x300.jpg\" alt=\"\" width=\"137\" height=\"137\" srcset=\"https:\/\/www.gokhanmermi.com\/wp-content\/uploads\/2023\/11\/IMG_2365_R2-e1699207760223-300x300.jpg 300w, https:\/\/www.gokhanmermi.com\/wp-content\/uploads\/2023\/11\/IMG_2365_R2-e1699207760223-1024x1024.jpg 1024w, https:\/\/www.gokhanmermi.com\/wp-content\/uploads\/2023\/11\/IMG_2365_R2-e1699207760223-150x150.jpg 150w, https:\/\/www.gokhanmermi.com\/wp-content\/uploads\/2023\/11\/IMG_2365_R2-e1699207760223-768x768.jpg 768w, https:\/\/www.gokhanmermi.com\/wp-content\/uploads\/2023\/11\/IMG_2365_R2-e1699207760223.jpg 1090w\" sizes=\"auto, (max-width: 137px) 100vw, 137px\" \/><\/p>\n<p>1987 y\u0131l\u0131nda \u0130stanbul\u2019da d\u00fcnyaya gelen G\u00f6khan Mermi, 2003 y\u0131l\u0131nda \u015eehremini Anadolu Lisesi\u2019nde orta \u00f6\u011frenimini tamamlam\u0131\u015ft\u0131r. Hali\u00e7 \u00dcniversitesi\u2019nde i\u00e7 mimarl\u0131k e\u011fitimi alan G\u00f6khan Mermi, 2008 y\u0131l\u0131nda onur derecesi ile b\u00f6l\u00fcm birincisi olarak mezun olmu\u015ftur. Mezun olmas\u0131n\u0131n ard\u0131ndan yine Hali\u00e7 \u00dcniversitesi\u2019nde burslu y\u00fcksek lisans e\u011fitimine ba\u015flam\u0131\u015ft\u0131r.<\/p>\n<p>2012 y\u0131l\u0131nda \u0130\u00e7 Mimarl\u0131k Anabilim Dal\u0131\u2019nda \u201cPaslanmaz \u00c7elik Malzemenin \u0130\u00e7 Mimari Uygulamalar\u0131nda S\u00fcrd\u00fcr\u00fclebilirlik A\u00e7\u0131s\u0131ndan De\u011ferlendirilmesi\u201d tezi ile y\u00fcksek lisans e\u011fitimini tamamlam\u0131\u015ft\u0131r. Bu tez \u00e7al\u0131\u015fmas\u0131 ile birlikte \u00f6zel sekt\u00f6rde metro, otel ve konut projeleri ba\u015fta olmak \u00fczere, bir\u00e7ok projenin paslanmaz \u00e7elik ve cam imalat\u0131n\u0131n tasar\u0131mc\u0131s\u0131 ve kontrol\u00f6r\u00fc olarak g\u00f6rev yapm\u0131\u015ft\u0131r. 2013 y\u0131l\u0131 itibariyle, Alarko Taahh\u00fct Grubu ba\u015fta olmak \u00fczere baz\u0131 mimarl\u0131k ofislerinde proje y\u00f6neticili\u011fi yapm\u0131\u015ft\u0131r. Otel, metro, avm, ofis, restoran ve konut projelerinde hem tasar\u0131mc\u0131 hem de \u015fantiye \u015fefli\u011fi g\u00f6revlerini \u00fcstlenmi\u015ftir. Tasar\u0131mc\u0131s\u0131 ve saha mimar\u0131 olarak g\u00f6rev yapt\u0131\u011f\u0131; ba\u015far\u0131yla tamamlanan projelerinden biri \u201cLevent-Hisar\u00fcst\u00fc Metro Projesi\u201ddir.<\/p>\n<p>Halihaz\u0131rda tam zamanl\u0131 \u00f6\u011fretim g\u00f6revlisi olarak i\u00e7 mimarl\u0131k b\u00f6l\u00fcm\u00fc dersleri veren G\u00f6khan Mermi, ayn\u0131 zamanda Mimar Sinan G\u00fczel Sanatlar \u00dcniversitesi Mimarl\u0131k Anabilim Dal\u0131 Yap\u0131 Fizi\u011fi ve Malzemesi K\u00fcrs\u00fcs\u00fc\u2019nde doktora \u00e7al\u0131\u015fmalar\u0131n\u0131 y\u00fcr\u00fctmektedir.<\/p>\n","protected":false},"excerpt":{"rendered":"<p>Y\u00fcksek \u0130\u00e7 Mimar G\u00f6khan Mermi 1987 y\u0131l\u0131nda \u0130stanbul\u2019da d\u00fcnyaya gelen G\u00f6khan Mermi, 2003 y\u0131l\u0131nda \u015eehremini Anadolu Lisesi\u2019nde orta \u00f6\u011frenimini tamamlam\u0131\u015ft\u0131r. Hali\u00e7 \u00dcniversitesi\u2019nde i\u00e7 mimarl\u0131k e\u011fitimi alan G\u00f6khan Mermi, 2008 y\u0131l\u0131nda onur derecesi ile b\u00f6l\u00fcm birincisi olarak mezun olmu\u015ftur. Mezun olmas\u0131n\u0131n ard\u0131ndan yine Hali\u00e7 \u00dcniversitesi\u2019nde burslu y\u00fcksek lisans e\u011fitimine ba\u015flam\u0131\u015ft\u0131r. 2012 y\u0131l\u0131nda \u0130\u00e7 Mimarl\u0131k Anabilim Dal\u0131\u2019nda [&hellip;]<\/p>\n","protected":false},"author":1,"featured_media":0,"parent":0,"menu_order":1,"comment_status":"closed","ping_status":"closed","template":"","meta":{"footnotes":""},"class_list":["post-79","page","type-page","status-publish","hentry"],"_links":{"self":[{"href":"https:\/\/www.gokhanmermi.com\/index.php\/wp-json\/wp\/v2\/pages\/79","targetHints":{"allow":["GET"]}}],"collection":[{"href":"https:\/\/www.gokhanmermi.com\/index.php\/wp-json\/wp\/v2\/pages"}],"about":[{"href":"https:\/\/www.gokhanmermi.com\/index.php\/wp-json\/wp\/v2\/types\/page"}],"author":[{"embeddable":true,"href":"https:\/\/www.gokhanmermi.com\/index.php\/wp-json\/wp\/v2\/users\/1"}],"replies":[{"embeddable":true,"href":"https:\/\/www.gokhanmermi.com\/index.php\/wp-json\/wp\/v2\/comments?post=79"}],"version-history":[{"count":13,"href":"https:\/\/www.gokhanmermi.com\/index.php\/wp-json\/wp\/v2\/pages\/79\/revisions"}],"predecessor-version":[{"id":234,"href":"https:\/\/www.gokhanmermi.com\/index.php\/wp-json\/wp\/v2\/pages\/79\/revisions\/234"}],"wp:attachment":[{"href":"https:\/\/www.gokhanmermi.com\/index.php\/wp-json\/wp\/v2\/media?parent=79"}],"curies":[{"name":"wp","href":"https:\/\/api.w.org\/{rel}","templated":true}]}}